{"id":324,"date":"2015-11-26T16:56:34","date_gmt":"2015-11-26T16:56:34","guid":{"rendered":"https:\/\/www.pensionstadthalle.at\/wp\/en\/index.php\/location-arrival\/radanreise\/"},"modified":"2015-12-22T12:10:28","modified_gmt":"2015-12-22T12:10:28","slug":"to-vienna-by-bike","status":"publish","type":"page","link":"https:\/\/www.pensionstadthalle.at\/en\/location-arrival\/to-vienna-by-bike\/","title":{"rendered":"Travelling to Vienna by Bike"},"content":{"rendered":"\r\n            <style type=\"text\/css\">\r\n            #easy2map_canvas_2 img {\r\n                max-width: none !important;\r\n                border-radius: 0px !important;\r\n                box-shadow: 0 0 0 transparent !important;\r\n            } \r\n            \r\n            #tdMap{\r\n                 border-top: 0px solid #ddd !important;\r\n            }\r\n            \r\n            #tdPinList{\r\n                 border-top: 0px solid #ddd !important;\r\n            }\r\n\r\n            #easy2map_canvas_2 table,td {\r\n              margin: -1.5em 0 !important;\r\n              padding: 0px !important;\r\n            }\r\n            #tblEasy2MapPinList td, tr{border-width:0px;}\r\n            #tblEasy2MapPinList td{padding:3px !important;}\r\n            #tblEasy2MapPinList{border-width:0px;}\r\n            #tblEasy2MapPinList img {max-width: none !important;border-radius: 0px !important;border-width:0px;box-shadow: 0 0 0 transparent !important;}\r\n            \r\n            #tblEasy2MapPinList1 td, tr{border-width:0px;}\r\n            #tblEasy2MapPinList1 td{padding:3px !important;}\r\n            #tblEasy2MapPinList1{border-width:0px;}\r\n            #tblEasy2MapPinList1 img {max-width: none !important;border-radius: 0px !important;border-width:0px;box-shadow: 0 0 0 transparent !important;}\r\n            \r\n            #tblEasy2MapPinList2 td, tr{border-width:0px;}\r\n            #tblEasy2MapPinList2 td{padding:3px !important;}\r\n            #tblEasy2MapPinList2{border-width:0px;}\r\n            #tblEasy2MapPinList2 img {max-width: none !important;border-radius: 0px !important;border-width:0px;box-shadow: 0 0 0 transparent !important;}\r\n            \r\n            #tblEasy2MapPinList3 td, tr{border-width:0px;}\r\n            #tblEasy2MapPinList3 td{padding:3px !important;}\r\n            #tblEasy2MapPinList3{border-width:0px;}\r\n            #tblEasy2MapPinList3 img {max-width: none !important;border-radius: 0px !important;border-width:0px;box-shadow: 0 0 0 transparent !important;}\r\n            \r\n            #tblEasy2MapPinList4 td, tr{border-width:0px;}\r\n            #tblEasy2MapPinList4 td{padding:3px !important;}\r\n            #tblEasy2MapPinList4{border-width:0px;}\r\n            #tblEasy2MapPinList4 img {max-width: none !important;border-radius: 0px !important;border-width:0px;box-shadow: 0 0 0 transparent !important;}\r\n            \r\n\r\n            #ulEasy2MapPinList li{\r\n                border-width:0px;\r\n                padding:3px !important;\r\n            }\r\n\r\n            #ulEasy2MapPinList{\r\n                border-width:0px;\r\n            }\r\n            \r\n             #ulEasy2MapPinList img {\r\n                max-width: none !important;\r\n                border-radius: 0px !important;\r\n                border-width:0px;\r\n                box-shadow: 0 0 0 transparent !important;\r\n            }\r\n            \r\n            #ulEasy2MapPinList table, td, tr{\r\n                border-width:0px;\r\n            }\r\n            #ulEasy2MapPinList td{\r\n                padding:3px !important;\r\n            }\r\n            #ulEasy2MapPinList td{\r\n                border-width:0px;\r\n            }\r\n            \r\n            #easy2mapIimgShadow{\r\n            max-width: none !important;\r\n                border-radius: 0px !important;\r\n                border-width:0px;\r\n                box-shadow: 0 0 0 transparent !important;\r\n            }\r\n\r\n            <\/style><input type=\"hidden\" id=\"easy2map_ajax_url_2\" value=\"https:\/\/www.pensionstadthalle.at\/wp\/wp-admin\/admin-ajax.php\"><div style=\"margin:auto;\"><table cellpadding=\"1\" cellspacing=\"1\" id=\"easy2map_canvas_2Parent\" style=\"background-color: rgb(255, 255, 255); border: 1px solid rgb(235, 235, 235); width: 900px; height: 350px; margin-left: auto; margin-right: auto;\"><tbody><tr><td id=\"tdMap\" editable=\"0\" style=\"vertical-align:top;\"><div id=\"easy2map_canvas_2\" style=\"background-color: rgb(235, 235, 235); border: 1px solid transparent; top: 0px; left: 0px; min-width: 10px; margin: 5px; position: relative; height: 350px; overflow: hidden; -webkit-transform: translateZ(0px);\"><\/div><\/td><\/tr><\/tbody><\/table><\/div>\n<h2>Cycle Route Klosterneuburg: To Vienna by Bike<\/h2>\n<p>From Klosterneuburg you cycle to &#8220;Nussdorf&#8221; and then along the Donaukanal (Danube canal) to the &#8220;Friedensbr\u00fccke&#8221; bridge. Once on the bridge cycle in the direction of the &#8220;G\u00fcrtel&#8221; ring-road. The G\u00fcrtel cycle track (shaded by trees) will take you to the &#8220;Urban-Loritz-Platz&#8221; square. Turn right here into the &#8220;H\u00fctteldorfer Strasse&#8221;. The 3rd street on the left is the &#8220;Hackengasse&#8221; where the hotel is located. After a few hundred metres you should arrive directly in front of the pension.<\/p>\n","protected":false},"excerpt":{"rendered":"<p>Cycle Route Klosterneuburg: To Vienna by Bike From Klosterneuburg you cycle to &#8220;Nussdorf&#8221; and then along the Donaukanal (Danube canal) to the &#8220;Friedensbr\u00fccke&#8221; bridge. Once on the bridge cycle in the direction of the &#8220;G\u00fcrtel&#8221; ring-road. The G\u00fcrtel cycle track (shaded by trees) will take you to the &#8220;Urban-Loritz-Platz&#8221; square. Turn right here into the [&hellip;]<\/p>\n","protected":false},"author":3,"featured_media":0,"parent":313,"menu_order":0,"comment_status":"closed","ping_status":"closed","template":"","meta":{"footnotes":""},"class_list":["post-324","page","type-page","status-publish","hentry"],"yoast_head":"<!-- This site is optimized with the Yoast SEO plugin v27.4 - https:\/\/yoast.com\/product\/yoast-seo-wordpress\/ -->\n<title>Travelling to Vienna by Bike - Pension Stadthalle<\/title>\n<meta name=\"description\" content=\"You want to travel to Vienna by bike? Great idea! Following the Danube bike track you can easily reach our central discount hotel in Vienna.\" \/>\n<meta name=\"robots\" content=\"index, follow, max-snippet:-1, max-image-preview:large, max-video-preview:-1\" \/>\n<link rel=\"canonical\" href=\"https:\/\/www.pensionstadthalle.at\/en\/location-arrival\/to-vienna-by-bike\/\" \/>\n<meta property=\"og:locale\" content=\"en_US\" \/>\n<meta property=\"og:type\" content=\"article\" \/>\n<meta property=\"og:title\" content=\"Travelling to Vienna by Bike - Pension Stadthalle\" \/>\n<meta property=\"og:description\" content=\"You want to travel to Vienna by bike? Great idea! Following the Danube bike track you can easily reach our central discount hotel in Vienna.\" \/>\n<meta property=\"og:url\" content=\"https:\/\/www.pensionstadthalle.at\/en\/location-arrival\/to-vienna-by-bike\/\" \/>\n<meta property=\"og:site_name\" content=\"Pension Stadthalle\" \/>\n<meta property=\"article:modified_time\" content=\"2015-12-22T12:10:28+00:00\" \/>\n<meta name=\"twitter:card\" content=\"summary_large_image\" \/>\n<script type=\"application\/ld+json\" class=\"yoast-schema-graph\">{\"@context\":\"https:\\\/\\\/schema.org\",\"@graph\":[{\"@type\":\"WebPage\",\"@id\":\"https:\\\/\\\/www.pensionstadthalle.at\\\/en\\\/location-arrival\\\/to-vienna-by-bike\\\/\",\"url\":\"https:\\\/\\\/www.pensionstadthalle.at\\\/en\\\/location-arrival\\\/to-vienna-by-bike\\\/\",\"name\":\"Travelling to Vienna by Bike - Pension Stadthalle\",\"isPartOf\":{\"@id\":\"https:\\\/\\\/www.pensionstadthalle.at\\\/#website\"},\"datePublished\":\"2015-11-26T16:56:34+00:00\",\"dateModified\":\"2015-12-22T12:10:28+00:00\",\"description\":\"You want to travel to Vienna by bike? Great idea! Following the Danube bike track you can easily reach our central discount hotel in Vienna.\",\"breadcrumb\":{\"@id\":\"https:\\\/\\\/www.pensionstadthalle.at\\\/en\\\/location-arrival\\\/to-vienna-by-bike\\\/#breadcrumb\"},\"inLanguage\":\"en-US\",\"potentialAction\":[{\"@type\":\"ReadAction\",\"target\":[\"https:\\\/\\\/www.pensionstadthalle.at\\\/en\\\/location-arrival\\\/to-vienna-by-bike\\\/\"]}]},{\"@type\":\"BreadcrumbList\",\"@id\":\"https:\\\/\\\/www.pensionstadthalle.at\\\/en\\\/location-arrival\\\/to-vienna-by-bike\\\/#breadcrumb\",\"itemListElement\":[{\"@type\":\"ListItem\",\"position\":1,\"name\":\"Home\",\"item\":\"https:\\\/\\\/www.pensionstadthalle.at\\\/en\\\/\"},{\"@type\":\"ListItem\",\"position\":2,\"name\":\"Location &#038; Arrival\",\"item\":\"https:\\\/\\\/www.pensionstadthalle.at\\\/en\\\/location-arrival\\\/\"},{\"@type\":\"ListItem\",\"position\":3,\"name\":\"Travelling to Vienna by Bike\"}]},{\"@type\":\"WebSite\",\"@id\":\"https:\\\/\\\/www.pensionstadthalle.at\\\/#website\",\"url\":\"https:\\\/\\\/www.pensionstadthalle.at\\\/\",\"name\":\"Pension Stadthalle\",\"description\":false,\"potentialAction\":[{\"@type\":\"SearchAction\",\"target\":{\"@type\":\"EntryPoint\",\"urlTemplate\":\"https:\\\/\\\/www.pensionstadthalle.at\\\/?s={search_term_string}\"},\"query-input\":{\"@type\":\"PropertyValueSpecification\",\"valueRequired\":true,\"valueName\":\"search_term_string\"}}],\"inLanguage\":\"en-US\"}]}<\/script>\n<!-- \/ Yoast SEO plugin. -->","yoast_head_json":{"title":"Travelling to Vienna by Bike - Pension Stadthalle","description":"You want to travel to Vienna by bike? Great idea! Following the Danube bike track you can easily reach our central discount hotel in Vienna.","robots":{"index":"index","follow":"follow","max-snippet":"max-snippet:-1","max-image-preview":"max-image-preview:large","max-video-preview":"max-video-preview:-1"},"canonical":"https:\/\/www.pensionstadthalle.at\/en\/location-arrival\/to-vienna-by-bike\/","og_locale":"en_US","og_type":"article","og_title":"Travelling to Vienna by Bike - Pension Stadthalle","og_description":"You want to travel to Vienna by bike? Great idea! Following the Danube bike track you can easily reach our central discount hotel in Vienna.","og_url":"https:\/\/www.pensionstadthalle.at\/en\/location-arrival\/to-vienna-by-bike\/","og_site_name":"Pension Stadthalle","article_modified_time":"2015-12-22T12:10:28+00:00","twitter_card":"summary_large_image","schema":{"@context":"https:\/\/schema.org","@graph":[{"@type":"WebPage","@id":"https:\/\/www.pensionstadthalle.at\/en\/location-arrival\/to-vienna-by-bike\/","url":"https:\/\/www.pensionstadthalle.at\/en\/location-arrival\/to-vienna-by-bike\/","name":"Travelling to Vienna by Bike - Pension Stadthalle","isPartOf":{"@id":"https:\/\/www.pensionstadthalle.at\/#website"},"datePublished":"2015-11-26T16:56:34+00:00","dateModified":"2015-12-22T12:10:28+00:00","description":"You want to travel to Vienna by bike? Great idea! Following the Danube bike track you can easily reach our central discount hotel in Vienna.","breadcrumb":{"@id":"https:\/\/www.pensionstadthalle.at\/en\/location-arrival\/to-vienna-by-bike\/#breadcrumb"},"inLanguage":"en-US","potentialAction":[{"@type":"ReadAction","target":["https:\/\/www.pensionstadthalle.at\/en\/location-arrival\/to-vienna-by-bike\/"]}]},{"@type":"BreadcrumbList","@id":"https:\/\/www.pensionstadthalle.at\/en\/location-arrival\/to-vienna-by-bike\/#breadcrumb","itemListElement":[{"@type":"ListItem","position":1,"name":"Home","item":"https:\/\/www.pensionstadthalle.at\/en\/"},{"@type":"ListItem","position":2,"name":"Location &#038; Arrival","item":"https:\/\/www.pensionstadthalle.at\/en\/location-arrival\/"},{"@type":"ListItem","position":3,"name":"Travelling to Vienna by Bike"}]},{"@type":"WebSite","@id":"https:\/\/www.pensionstadthalle.at\/#website","url":"https:\/\/www.pensionstadthalle.at\/","name":"Pension Stadthalle","description":false,"potentialAction":[{"@type":"SearchAction","target":{"@type":"EntryPoint","urlTemplate":"https:\/\/www.pensionstadthalle.at\/?s={search_term_string}"},"query-input":{"@type":"PropertyValueSpecification","valueRequired":true,"valueName":"search_term_string"}}],"inLanguage":"en-US"}]}},"_links":{"self":[{"href":"https:\/\/www.pensionstadthalle.at\/en\/wp-json\/wp\/v2\/pages\/324","targetHints":{"allow":["GET"]}}],"collection":[{"href":"https:\/\/www.pensionstadthalle.at\/en\/wp-json\/wp\/v2\/pages"}],"about":[{"href":"https:\/\/www.pensionstadthalle.at\/en\/wp-json\/wp\/v2\/types\/page"}],"author":[{"embeddable":true,"href":"https:\/\/www.pensionstadthalle.at\/en\/wp-json\/wp\/v2\/users\/3"}],"replies":[{"embeddable":true,"href":"https:\/\/www.pensionstadthalle.at\/en\/wp-json\/wp\/v2\/comments?post=324"}],"version-history":[{"count":3,"href":"https:\/\/www.pensionstadthalle.at\/en\/wp-json\/wp\/v2\/pages\/324\/revisions"}],"predecessor-version":[{"id":473,"href":"https:\/\/www.pensionstadthalle.at\/en\/wp-json\/wp\/v2\/pages\/324\/revisions\/473"}],"up":[{"embeddable":true,"href":"https:\/\/www.pensionstadthalle.at\/en\/wp-json\/wp\/v2\/pages\/313"}],"wp:attachment":[{"href":"https:\/\/www.pensionstadthalle.at\/en\/wp-json\/wp\/v2\/media?parent=324"}],"curies":[{"name":"wp","href":"https:\/\/api.w.org\/{rel}","templated":true}]}}