{"id":499,"date":"2015-12-29T13:56:16","date_gmt":"2015-12-29T13:56:16","guid":{"rendered":"https:\/\/www.pensionstadthalle.at\/?page_id=499&#038;lang=en"},"modified":"2026-04-28T14:31:48","modified_gmt":"2026-04-28T14:31:48","slug":"imprint","status":"publish","type":"page","link":"https:\/\/www.pensionstadthalle.at\/en\/imprint\/","title":{"rendered":"Imprint"},"content":{"rendered":"<p><strong>Principle office: <\/strong>Lukas Reitterer<br \/>\nselbst gew\u00e4hlte Unternehmensbezeichnung:<br \/>\nPension Stadthalle<br \/>\nFirmensitz: Hackengasse 33\/2<br \/>\n1150 Wien<\/p>\n<p>Telefon: +43 (0) 681 816 32 825<\/p>\n<p><strong>Established\u00a0<\/strong><br \/>\nUID: ATU83156567<br \/>\nGesch\u00e4ftsf\u00fchrung: Reitterer Lukas<br \/>\nGesch\u00e4ftsfeld: Hotellerie<\/p>\n<p><strong>Bank information:\u00a0<\/strong><br \/>\nBank Austria<br \/>\nKontonummer: 10048155666<br \/>\nBLZ: 12000<br \/>\nIBAN: AT061200010048155666<br \/>\nBIC\/Swift: BKAUATWWXXX<\/p>\n<p>E-Commerce-Laws:<br \/>\n<a href=\"http:\/\/firmena-z.wko.at\/udbsql\/FirmaInfo5.asp?id=43010&amp;cs=465730864634663267604967148367\" target=\"_blank\" rel=\"external noopener\"><img decoding=\"async\" class=\"nofloat\" src=\"https:\/\/www.pensionstadthalle.at\/nav\/ecg.gif\" alt=\"Informationspflicht lt. ECG und Mediengsetz\" \/><\/a><\/p>\n","protected":false},"excerpt":{"rendered":"<p>Principle office: Lukas Reitterer selbst gew\u00e4hlte Unternehmensbezeichnung: Pension Stadthalle Firmensitz: Hackengasse 33\/2 1150 Wien Telefon: +43 (0) 681 816 32 825 Established\u00a0 UID: ATU83156567 Gesch\u00e4ftsf\u00fchrung: Reitterer Lukas Gesch\u00e4ftsfeld: Hotellerie Bank information:\u00a0 Bank Austria Kontonummer: 10048155666 BLZ: 12000 IBAN: AT061200010048155666 BIC\/Swift: BKAUATWWXXX E-Commerce-Laws:<\/p>\n","protected":false},"author":3,"featured_media":0,"parent":0,"menu_order":0,"comment_status":"closed","ping_status":"closed","template":"","meta":{"footnotes":""},"class_list":["post-499","page","type-page","status-publish","hentry"],"yoast_head":"<!-- This site is optimized with the Yoast SEO plugin v27.5 - https:\/\/yoast.com\/product\/yoast-seo-wordpress\/ -->\n<title>Imprint - Pension Stadthalle<\/title>\n<meta name=\"robots\" content=\"index, follow, max-snippet:-1, max-image-preview:large, max-video-preview:-1\" \/>\n<link rel=\"canonical\" href=\"https:\/\/www.pensionstadthalle.at\/en\/imprint\/\" \/>\n<meta property=\"og:locale\" content=\"en_US\" \/>\n<meta property=\"og:type\" content=\"article\" \/>\n<meta property=\"og:title\" content=\"Imprint - Pension Stadthalle\" \/>\n<meta property=\"og:description\" content=\"Principle office: Lukas Reitterer selbst gew\u00e4hlte Unternehmensbezeichnung: Pension Stadthalle Firmensitz: Hackengasse 33\/2 1150 Wien Telefon: +43 (0) 681 816 32 825 Established\u00a0 UID: ATU83156567 Gesch\u00e4ftsf\u00fchrung: Reitterer Lukas Gesch\u00e4ftsfeld: Hotellerie Bank information:\u00a0 Bank Austria Kontonummer: 10048155666 BLZ: 12000 IBAN: AT061200010048155666 BIC\/Swift: BKAUATWWXXX E-Commerce-Laws:\" \/>\n<meta property=\"og:url\" content=\"https:\/\/www.pensionstadthalle.at\/en\/imprint\/\" \/>\n<meta property=\"og:site_name\" content=\"Pension Stadthalle\" \/>\n<meta property=\"article:modified_time\" content=\"2026-04-28T14:31:48+00:00\" \/>\n<meta property=\"og:image\" content=\"https:\/\/www.pensionstadthalle.at\/nav\/ecg.gif\" \/>\n<meta name=\"twitter:card\" content=\"summary_large_image\" \/>\n<meta name=\"twitter:label1\" content=\"Est. reading time\" \/>\n\t<meta name=\"twitter:data1\" content=\"1 minute\" \/>\n<script type=\"application\/ld+json\" class=\"yoast-schema-graph\">{\"@context\":\"https:\\\/\\\/schema.org\",\"@graph\":[{\"@type\":\"WebPage\",\"@id\":\"https:\\\/\\\/www.pensionstadthalle.at\\\/en\\\/imprint\\\/\",\"url\":\"https:\\\/\\\/www.pensionstadthalle.at\\\/en\\\/imprint\\\/\",\"name\":\"Imprint - Pension Stadthalle\",\"isPartOf\":{\"@id\":\"https:\\\/\\\/www.pensionstadthalle.at\\\/#website\"},\"primaryImageOfPage\":{\"@id\":\"https:\\\/\\\/www.pensionstadthalle.at\\\/en\\\/imprint\\\/#primaryimage\"},\"image\":{\"@id\":\"https:\\\/\\\/www.pensionstadthalle.at\\\/en\\\/imprint\\\/#primaryimage\"},\"thumbnailUrl\":\"https:\\\/\\\/www.pensionstadthalle.at\\\/nav\\\/ecg.gif\",\"datePublished\":\"2015-12-29T13:56:16+00:00\",\"dateModified\":\"2026-04-28T14:31:48+00:00\",\"breadcrumb\":{\"@id\":\"https:\\\/\\\/www.pensionstadthalle.at\\\/en\\\/imprint\\\/#breadcrumb\"},\"inLanguage\":\"en-US\",\"potentialAction\":[{\"@type\":\"ReadAction\",\"target\":[\"https:\\\/\\\/www.pensionstadthalle.at\\\/en\\\/imprint\\\/\"]}]},{\"@type\":\"ImageObject\",\"inLanguage\":\"en-US\",\"@id\":\"https:\\\/\\\/www.pensionstadthalle.at\\\/en\\\/imprint\\\/#primaryimage\",\"url\":\"https:\\\/\\\/www.pensionstadthalle.at\\\/nav\\\/ecg.gif\",\"contentUrl\":\"https:\\\/\\\/www.pensionstadthalle.at\\\/nav\\\/ecg.gif\"},{\"@type\":\"BreadcrumbList\",\"@id\":\"https:\\\/\\\/www.pensionstadthalle.at\\\/en\\\/imprint\\\/#breadcrumb\",\"itemListElement\":[{\"@type\":\"ListItem\",\"position\":1,\"name\":\"Home\",\"item\":\"https:\\\/\\\/www.pensionstadthalle.at\\\/en\\\/\"},{\"@type\":\"ListItem\",\"position\":2,\"name\":\"Imprint\"}]},{\"@type\":\"WebSite\",\"@id\":\"https:\\\/\\\/www.pensionstadthalle.at\\\/#website\",\"url\":\"https:\\\/\\\/www.pensionstadthalle.at\\\/\",\"name\":\"Pension Stadthalle\",\"description\":false,\"publisher\":{\"@id\":\"https:\\\/\\\/www.pensionstadthalle.at\\\/#organization\"},\"potentialAction\":[{\"@type\":\"SearchAction\",\"target\":{\"@type\":\"EntryPoint\",\"urlTemplate\":\"https:\\\/\\\/www.pensionstadthalle.at\\\/?s={search_term_string}\"},\"query-input\":{\"@type\":\"PropertyValueSpecification\",\"valueRequired\":true,\"valueName\":\"search_term_string\"}}],\"inLanguage\":\"en-US\"},{\"@type\":\"Organization\",\"@id\":\"https:\\\/\\\/www.pensionstadthalle.at\\\/#organization\",\"name\":\"Pension Stadthalle\",\"url\":\"https:\\\/\\\/www.pensionstadthalle.at\\\/\",\"logo\":{\"@type\":\"ImageObject\",\"inLanguage\":\"en-US\",\"@id\":\"https:\\\/\\\/www.pensionstadthalle.at\\\/#\\\/schema\\\/logo\\\/image\\\/\",\"url\":\"https:\\\/\\\/www.pensionstadthalle.at\\\/wp-content\\\/uploads\\\/2026\\\/04\\\/cropped-Screenshot-2025-04-28-at-03.04.55.png\",\"contentUrl\":\"https:\\\/\\\/www.pensionstadthalle.at\\\/wp-content\\\/uploads\\\/2026\\\/04\\\/cropped-Screenshot-2025-04-28-at-03.04.55.png\",\"width\":682,\"height\":402,\"caption\":\"Pension Stadthalle\"},\"image\":{\"@id\":\"https:\\\/\\\/www.pensionstadthalle.at\\\/#\\\/schema\\\/logo\\\/image\\\/\"}}]}<\/script>\n<!-- \/ Yoast SEO plugin. -->","yoast_head_json":{"title":"Imprint - Pension Stadthalle","robots":{"index":"index","follow":"follow","max-snippet":"max-snippet:-1","max-image-preview":"max-image-preview:large","max-video-preview":"max-video-preview:-1"},"canonical":"https:\/\/www.pensionstadthalle.at\/en\/imprint\/","og_locale":"en_US","og_type":"article","og_title":"Imprint - Pension Stadthalle","og_description":"Principle office: Lukas Reitterer selbst gew\u00e4hlte Unternehmensbezeichnung: Pension Stadthalle Firmensitz: Hackengasse 33\/2 1150 Wien Telefon: +43 (0) 681 816 32 825 Established\u00a0 UID: ATU83156567 Gesch\u00e4ftsf\u00fchrung: Reitterer Lukas Gesch\u00e4ftsfeld: Hotellerie Bank information:\u00a0 Bank Austria Kontonummer: 10048155666 BLZ: 12000 IBAN: AT061200010048155666 BIC\/Swift: BKAUATWWXXX E-Commerce-Laws:","og_url":"https:\/\/www.pensionstadthalle.at\/en\/imprint\/","og_site_name":"Pension Stadthalle","article_modified_time":"2026-04-28T14:31:48+00:00","og_image":[{"url":"https:\/\/www.pensionstadthalle.at\/nav\/ecg.gif","type":"","width":"","height":""}],"twitter_card":"summary_large_image","twitter_misc":{"Est. reading time":"1 minute"},"schema":{"@context":"https:\/\/schema.org","@graph":[{"@type":"WebPage","@id":"https:\/\/www.pensionstadthalle.at\/en\/imprint\/","url":"https:\/\/www.pensionstadthalle.at\/en\/imprint\/","name":"Imprint - Pension Stadthalle","isPartOf":{"@id":"https:\/\/www.pensionstadthalle.at\/#website"},"primaryImageOfPage":{"@id":"https:\/\/www.pensionstadthalle.at\/en\/imprint\/#primaryimage"},"image":{"@id":"https:\/\/www.pensionstadthalle.at\/en\/imprint\/#primaryimage"},"thumbnailUrl":"https:\/\/www.pensionstadthalle.at\/nav\/ecg.gif","datePublished":"2015-12-29T13:56:16+00:00","dateModified":"2026-04-28T14:31:48+00:00","breadcrumb":{"@id":"https:\/\/www.pensionstadthalle.at\/en\/imprint\/#breadcrumb"},"inLanguage":"en-US","potentialAction":[{"@type":"ReadAction","target":["https:\/\/www.pensionstadthalle.at\/en\/imprint\/"]}]},{"@type":"ImageObject","inLanguage":"en-US","@id":"https:\/\/www.pensionstadthalle.at\/en\/imprint\/#primaryimage","url":"https:\/\/www.pensionstadthalle.at\/nav\/ecg.gif","contentUrl":"https:\/\/www.pensionstadthalle.at\/nav\/ecg.gif"},{"@type":"BreadcrumbList","@id":"https:\/\/www.pensionstadthalle.at\/en\/imprint\/#breadcrumb","itemListElement":[{"@type":"ListItem","position":1,"name":"Home","item":"https:\/\/www.pensionstadthalle.at\/en\/"},{"@type":"ListItem","position":2,"name":"Imprint"}]},{"@type":"WebSite","@id":"https:\/\/www.pensionstadthalle.at\/#website","url":"https:\/\/www.pensionstadthalle.at\/","name":"Pension Stadthalle","description":false,"publisher":{"@id":"https:\/\/www.pensionstadthalle.at\/#organization"},"potentialAction":[{"@type":"SearchAction","target":{"@type":"EntryPoint","urlTemplate":"https:\/\/www.pensionstadthalle.at\/?s={search_term_string}"},"query-input":{"@type":"PropertyValueSpecification","valueRequired":true,"valueName":"search_term_string"}}],"inLanguage":"en-US"},{"@type":"Organization","@id":"https:\/\/www.pensionstadthalle.at\/#organization","name":"Pension Stadthalle","url":"https:\/\/www.pensionstadthalle.at\/","logo":{"@type":"ImageObject","inLanguage":"en-US","@id":"https:\/\/www.pensionstadthalle.at\/#\/schema\/logo\/image\/","url":"https:\/\/www.pensionstadthalle.at\/wp-content\/uploads\/2026\/04\/cropped-Screenshot-2025-04-28-at-03.04.55.png","contentUrl":"https:\/\/www.pensionstadthalle.at\/wp-content\/uploads\/2026\/04\/cropped-Screenshot-2025-04-28-at-03.04.55.png","width":682,"height":402,"caption":"Pension Stadthalle"},"image":{"@id":"https:\/\/www.pensionstadthalle.at\/#\/schema\/logo\/image\/"}}]}},"_links":{"self":[{"href":"https:\/\/www.pensionstadthalle.at\/en\/wp-json\/wp\/v2\/pages\/499","targetHints":{"allow":["GET"]}}],"collection":[{"href":"https:\/\/www.pensionstadthalle.at\/en\/wp-json\/wp\/v2\/pages"}],"about":[{"href":"https:\/\/www.pensionstadthalle.at\/en\/wp-json\/wp\/v2\/types\/page"}],"author":[{"embeddable":true,"href":"https:\/\/www.pensionstadthalle.at\/en\/wp-json\/wp\/v2\/users\/3"}],"replies":[{"embeddable":true,"href":"https:\/\/www.pensionstadthalle.at\/en\/wp-json\/wp\/v2\/comments?post=499"}],"version-history":[{"count":4,"href":"https:\/\/www.pensionstadthalle.at\/en\/wp-json\/wp\/v2\/pages\/499\/revisions"}],"predecessor-version":[{"id":3795,"href":"https:\/\/www.pensionstadthalle.at\/en\/wp-json\/wp\/v2\/pages\/499\/revisions\/3795"}],"wp:attachment":[{"href":"https:\/\/www.pensionstadthalle.at\/en\/wp-json\/wp\/v2\/media?parent=499"}],"curies":[{"name":"wp","href":"https:\/\/api.w.org\/{rel}","templated":true}]}}